{"id":684,"date":"2024-05-09T17:00:05","date_gmt":"2024-05-09T15:00:05","guid":{"rendered":"https:\/\/lelingo.de\/?page_id=684"},"modified":"2024-05-09T17:01:17","modified_gmt":"2024-05-09T15:01:17","slug":"datenschutzerklaerung","status":"publish","type":"page","link":"https:\/\/lelingo.de\/ro\/datenschutzerklaerung\/","title":{"rendered":"Politica de confiden\u021bialitate"},"content":{"rendered":"<div data-elementor-type=\"wp-page\" data-elementor-id=\"684\" class=\"elementor elementor-684\">\n\t\t\t\t<div class=\"elementor-element elementor-element-2e359e93 e-flex e-con-boxed wpr-particle-no wpr-jarallax-no wpr-parallax-no wpr-sticky-section-no e-con e-parent\" data-id=\"2e359e93\" data-element_type=\"container\">\n\t\t\t\t\t<div class=\"e-con-inner\">\n\t\t\t\t<div class=\"elementor-element elementor-element-68bb385a elementor-widget elementor-widget-text-editor\" data-id=\"68bb385a\" data-element_type=\"widget\" data-widget_type=\"text-editor.default\">\n\t\t\t\t<div class=\"elementor-widget-container\">\n\t\t\t\t\t\t\t<!-- wp:paragraph -->\n<p>Informa\u021bii generale<\/p>\n<!-- \/wp:paragraph -->\n\n<!-- wp:paragraph -->\n<p>Prezenta declara\u021bie de confiden\u021bialitate se aplic\u0103 tuturor datelor personale colectate de la utilizatori \u00een timpul utiliz\u0103rii serviciilor Lelingo.de. Lelingo.de este administrat de 793\/15 Ltd.<\/p>\n<!-- \/wp:paragraph -->\n\n<!-- wp:paragraph -->\n<p>Colectarea \u0219i utilizarea datelor<\/p>\n<!-- \/wp:paragraph -->\n\n<!-- wp:paragraph -->\n<p>Lelingo.de colecteaz\u0103 date personale, precum numele, adresa de e-mail \u0219i informa\u021biile de plat\u0103, \u00een scopul \u00eendeplinirii contractului \u0219i pentru comunicarea cu clien\u021bii.<\/p>\n<!-- \/wp:paragraph -->\n\n<!-- wp:paragraph -->\n<p>Aceste date sunt utilizate pentru a furniza serviciile solicitate \u0219i pentru a comunica cu clien\u021bii \u00een leg\u0103tur\u0103 cu comenzile lor.<\/p>\n<!-- \/wp:paragraph -->\n\n<!-- wp:paragraph -->\n<p>Cookies und \u00e4hnliche Technologien<\/p>\n<!-- \/wp:paragraph -->\n\n<!-- wp:paragraph -->\n<p>Lelingo.de verwendet m\u00f6glicherweise Cookies und \u00e4hnliche Technologien, um das Nutzererlebnis auf der Website zu verbessern und um aggregierte Daten \u00fcber den Website-Traffic und die Interaktionen zu sammeln.<\/p>\n<!-- \/wp:paragraph -->\n\n<!-- wp:paragraph -->\n<p>Datenschutz<\/p>\n<!-- \/wp:paragraph -->\n\n<!-- wp:paragraph -->\n<p>Lelingo.de verpflichtet sich, die Sicherheit Ihrer pers\u00f6nlichen Daten zu gew\u00e4hrleisten. Es werden angemessene Sicherheitsma\u00dfnahmen ergriffen, um den Schutz Ihrer Daten vor unbefugtem Zugriff und Missbrauch zu sichern.<\/p>\n<!-- \/wp:paragraph -->\n\n<!-- wp:paragraph -->\n<p>Weitergabe von Daten<\/p>\n<!-- \/wp:paragraph -->\n\n<!-- wp:paragraph -->\n<p>Lelingo.de gibt keine pers\u00f6nlichen Daten der Nutzer an Dritte weiter, es sei denn, es ist gesetzlich erforderlich oder zur Durchf\u00fchrung der Dienstleistungen notwendig.<\/p>\n<!-- \/wp:paragraph -->\n\n<!-- wp:paragraph -->\n<p>Zugriffs- und Korrekturrechte<\/p>\n<!-- \/wp:paragraph -->\n\n<!-- wp:paragraph -->\n<p>Nutzer haben das Recht, ihre pers\u00f6nlichen Daten einzusehen und zu korrigieren. Sie k\u00f6nnen Lelingo.de kontaktieren, um auf ihre Daten zuzugreifen oder Korrekturen vorzunehmen.<\/p>\n<!-- \/wp:paragraph -->\n\n<!-- wp:paragraph -->\n<p>\u00c4nderungen der Datenschutzerkl\u00e4rung<\/p>\n<!-- \/wp:paragraph -->\n\n<!-- wp:paragraph -->\n<p>Lelingo.de beh\u00e4lt sich das Recht vor, diese Datenschutzerkl\u00e4rung jederzeit zu \u00e4ndern. \u00c4nderungen werden auf der Webseite von Lelingo.de bekannt gegeben.<\/p>\n<!-- \/wp:paragraph -->\n\n<!-- wp:paragraph -->\n<p>Kontaktinformationen<\/p>\n<!-- \/wp:paragraph -->\n\n<!-- wp:paragraph -->\n<p>Bei Fragen zur Datenschutzerkl\u00e4rung k\u00f6nnen Nutzer sich an Lelingo.de wenden: 793\/15 Ltd c\/o Block Services Stuttgarter Str. 106 70736 Fellbach<\/p>\n<!-- \/wp:paragraph -->\t\t\t\t\t\t<\/div>\n\t\t\t\t<\/div>\n\t\t\t\t\t<\/div>\n\t\t\t\t<\/div>\n\t\t\t\t<\/div>","protected":false},"excerpt":{"rendered":"<p>Allgemeine Informationen Diese Datenschutzerkl\u00e4rung gilt f\u00fcr alle pers\u00f6nlichen Daten, die von Nutzern bei der Nutzung der Dienstleistungen von Lelingo.de gesammelt werden. Lelingo.de wird von der 793\/15 Ltd. betrieben. Datenerhebung und -verwendung Lelingo.de erhebt pers\u00f6nliche Daten wie Name, E-Mail-Adresse und Zahlungsinformationen zum Zweck der Vertragserf\u00fcllung und Kundenkommunikation. Diese Daten werden verwendet, um die angeforderten Dienstleistungen bereitzustellen und um mit den Kunden in Bezug auf ihre Bestellungen zu kommunizieren. Cookies und \u00e4hnliche Technologien Lelingo.de verwendet m\u00f6glicherweise Cookies und \u00e4hnliche Technologien, um das Nutzererlebnis auf der Website zu verbessern und um aggregierte Daten \u00fcber den Website-Traffic und die Interaktionen zu sammeln. Datenschutz Lelingo.de verpflichtet sich, die Sicherheit Ihrer pers\u00f6nlichen Daten zu gew\u00e4hrleisten. Es werden angemessene Sicherheitsma\u00dfnahmen ergriffen, um den Schutz Ihrer Daten vor unbefugtem Zugriff und Missbrauch zu sichern. Weitergabe von Daten Lelingo.de gibt keine pers\u00f6nlichen Daten der Nutzer an Dritte weiter, es sei denn, es ist gesetzlich erforderlich oder zur Durchf\u00fchrung der Dienstleistungen notwendig. Zugriffs- und Korrekturrechte Nutzer haben das Recht, ihre pers\u00f6nlichen Daten einzusehen und zu korrigieren. Sie k\u00f6nnen Lelingo.de kontaktieren, um auf ihre Daten zuzugreifen oder Korrekturen vorzunehmen. \u00c4nderungen der Datenschutzerkl\u00e4rung Lelingo.de beh\u00e4lt sich das Recht vor, diese Datenschutzerkl\u00e4rung jederzeit zu \u00e4ndern. \u00c4nderungen werden auf der Webseite von Lelingo.de bekannt gegeben. Kontaktinformationen Bei Fragen zur Datenschutzerkl\u00e4rung k\u00f6nnen Nutzer sich an Lelingo.de wenden: 793\/15 Ltd c\/o Block Services Stuttgarter Str. 106 70736 Fellbach<\/p>","protected":false},"author":1,"featured_media":0,"parent":0,"menu_order":0,"comment_status":"closed","ping_status":"closed","template":"","meta":{"footnotes":""},"class_list":["post-684","page","type-page","status-publish","hentry"],"_links":{"self":[{"href":"https:\/\/lelingo.de\/ro\/wp-json\/wp\/v2\/pages\/684","targetHints":{"allow":["GET"]}}],"collection":[{"href":"https:\/\/lelingo.de\/ro\/wp-json\/wp\/v2\/pages"}],"about":[{"href":"https:\/\/lelingo.de\/ro\/wp-json\/wp\/v2\/types\/page"}],"author":[{"embeddable":true,"href":"https:\/\/lelingo.de\/ro\/wp-json\/wp\/v2\/users\/1"}],"replies":[{"embeddable":true,"href":"https:\/\/lelingo.de\/ro\/wp-json\/wp\/v2\/comments?post=684"}],"version-history":[{"count":5,"href":"https:\/\/lelingo.de\/ro\/wp-json\/wp\/v2\/pages\/684\/revisions"}],"predecessor-version":[{"id":689,"href":"https:\/\/lelingo.de\/ro\/wp-json\/wp\/v2\/pages\/684\/revisions\/689"}],"wp:attachment":[{"href":"https:\/\/lelingo.de\/ro\/wp-json\/wp\/v2\/media?parent=684"}],"curies":[{"name":"wp","href":"https:\/\/api.w.org\/{rel}","templated":true}]}}