{"id":690,"date":"2024-05-09T17:02:49","date_gmt":"2024-05-09T15:02:49","guid":{"rendered":"https:\/\/lelingo.de\/?page_id=690"},"modified":"2024-05-09T17:02:49","modified_gmt":"2024-05-09T15:02:49","slug":"impressum","status":"publish","type":"page","link":"https:\/\/lelingo.de\/ro\/impressum\/","title":{"rendered":"Impressum"},"content":{"rendered":"<h2 class=\"wp-block-heading\">Informa\u021bii conform \u00a7 5 TMG:<\/h2>\n\n\n\n<p><strong><em>Lelingo.de este un proiect al:\u00a0<\/em><\/strong><\/p>\n\n\n\n<p><em>793\/15 Ltd c\/o Block Services<br>Stuttgarter Str. 106<br>70736 Fellbach<\/em><\/p>\n\n\n\n<p>Societatea reprezentat\u0103: 793\/15 Ltd<\/p>\n\n\n\n<p><em>Sediul societ\u0103\u021bii: Anguilla<\/em><\/p>\n\n\n\n<p>Num\u0103r de \u00eenregistrare: #1420194<\/p>\n\n\n\n<p><em>793\/15 Ltd&nbsp;<\/em><br><em>119 HOLLAND ST<\/em><br><em>Anguilla<\/em><\/p>\n\n\n\n<h2 class=\"wp-block-heading\">Contact:<\/h2>\n\n\n\n<p>Telefon: LA CERERE<br>E-Mail: Hi [AT] Lelingo.de<\/p>\n\n\n\n<h2 class=\"wp-block-heading\">Responsabil pentru con\u021binut conform \u00a7 55 Abs. 2 RStV:<\/h2>\n\n\n\n<p><em>793\/15 Ltd c\/o Block Services<br>Stuttgarter Str. 106<br>70736 Fellbach<\/em><\/p>\n\n\n\n<p>Societatea reprezentat\u0103: 793\/15 Ltd<\/p>\n\n\n\n<p><em>Sediul societ\u0103\u021bii: Anguilla<\/em><\/p>\n\n\n\n<p>Num\u0103r de \u00eenregistrare: #1420194<\/p>\n\n\n\n<p><em>793\/15 Ltd&nbsp;<\/em><br><em>119 HOLLAND ST<\/em><br><em>Anguilla<\/em><\/p>\n\n\n\n<h2 class=\"wp-block-heading\">Solu\u021bionarea litigiilor<\/h2>\n\n\n\n<p>Comisia European\u0103 ofer\u0103 o platform\u0103 pentru solu\u021bionarea online a litigiilor (OS):&nbsp;<a href=\"https:\/\/ec.europa.eu\/consumers\/odr\" target=\"_blank\" rel=\"noreferrer noopener\">https:\/\/ec.europa.eu\/consumers\/odr<\/a>.<br>Nu suntem dispu\u0219i sau obliga\u021bi s\u0103 particip\u0103m la proceduri de solu\u021bionare a litigiilor \u00een fa\u021ba unei comisii de arbitraj pentru consumatori.<\/p>\n\n\n\n<h3 class=\"wp-block-heading\">R\u0103spunderea pentru con\u021binut<\/h3>\n\n\n\n<p>\u00cen calitate de furnizor de servicii, suntem responsabili pentru propriul con\u021binut pe aceste pagini \u00een conformitate cu legisla\u021bia general\u0103, conform \u00a7 7 Abs.1 TMG. Conform \u00a7\u00a7 8 p\u00e2n\u0103 la 10 TMG, nu suntem \u00eens\u0103 obliga\u021bi s\u0103 monitoriz\u0103m informa\u021biile transmise sau stocate de ter\u021bi sau s\u0103 investig\u0103m circumstan\u021bele care indic\u0103 o activitate ilegal\u0103.<\/p>\n\n\n\n<p>Obliga\u021biile de a elimina sau de a bloca utilizarea informa\u021biilor \u00een conformitate cu legisla\u021bia general\u0103 r\u0103m\u00e2n neafectate. Cu toate acestea, o astfel de r\u0103spundere este posibil\u0103 numai din momentul cunoa\u0219terii unei \u00eenc\u0103lc\u0103ri concrete a legii. La notificarea \u00eenc\u0103lc\u0103rilor corespunz\u0103toare, vom elimina imediat acest con\u021binut.<\/p>\n\n\n\n<h3 class=\"wp-block-heading\">R\u0103spunderea pentru linkuri<\/h3>\n\n\n\n<p>Oferta noastr\u0103 con\u021bine linkuri c\u0103tre site-uri web externe ale ter\u021bilor, asupra c\u0103ror con\u021binuturi nu avem nicio influen\u021b\u0103. Prin urmare, nu putem oferi nicio garan\u021bie pentru aceste con\u021binuturi str\u0103ine. Pentru con\u021binutul paginilor legate este \u00eentotdeauna responsabil furnizorul sau operatorul respectiv al paginilor. Paginile legate au fost verificate pentru posibile \u00eenc\u0103lc\u0103ri ale legii la momentul conect\u0103rii. Con\u021binuturile ilegale nu au fost recunoscute la momentul conect\u0103rii.<\/p>\n\n\n\n<p>O monitorizare permanent\u0103 a con\u021binutului paginilor legate nu este rezonabil\u0103 f\u0103r\u0103 indicii concrete de \u00eenc\u0103lcare a legii. La notificarea \u00eenc\u0103lc\u0103rilor legale, vom elimina imediat aceste linkuri.<\/p>\n\n\n\n<h3 class=\"wp-block-heading\">Drepturi de autor<\/h3>\n\n\n\n<p>Con\u021binutul \u0219i lucr\u0103rile create de operatorii site-ului pe aceste pagini sunt supuse legisla\u021biei germane privind drepturile de autor. Reproducerea, prelucrarea, distribuirea \u0219i orice fel de valorificare \u00een afara limitelor drepturilor de autor necesit\u0103 consim\u021b\u0103m\u00e2ntul scris al autorului sau creatorului respectiv. Desc\u0103rc\u0103rile \u0219i copiile acestei pagini sunt permise doar pentru uz personal, necomercial.<\/p>\n\n\n\n<p>\u00cen m\u0103sura \u00een care con\u021binutul de pe aceast\u0103 pagin\u0103 nu a fost creat de operator, se respect\u0103 drepturile de autor ale ter\u021bilor. \u00cen special, con\u021binutul ter\u021bilor este marcat ca atare. Dac\u0103 totu\u0219i observa\u021bi o \u00eenc\u0103lcare a drepturilor de autor, v\u0103 rug\u0103m s\u0103 ne informa\u021bi \u00een mod corespunz\u0103tor. La notificarea \u00eenc\u0103lc\u0103rilor legale, vom elimina imediat acest con\u021binut.<\/p>","protected":false},"excerpt":{"rendered":"<p>Angaben gem\u00e4\u00df \u00a7 5 TMG: Lelingo.de ist ein Projekt von:\u00a0 793\/15 Ltd c\/o Block ServicesStuttgarter Str. 10670736 Fellbach Vertretungsberechtigte Gesellschaft: 793\/15 Ltd Sitz der Gesellschaft: Anguilla Registrierungsnummer: #1420194 793\/15 Ltd&nbsp;119 HOLLAND STAnguilla Kontakt: Telefon: AUF ANFRAGEE-Mail: Hi [AT] Lelingo.de Verantwortlich f\u00fcr den Inhalt nach \u00a7 55 Abs. 2 RStV: 793\/15 Ltd c\/o Block ServicesStuttgarter Str. 10670736 Fellbach Vertretungsberechtigte Gesellschaft: 793\/15 Ltd Sitz der Gesellschaft: Anguilla Registrierungsnummer: #1420194 793\/15 Ltd&nbsp;119 HOLLAND STAnguilla Streitschlichtung Die Europ\u00e4ische Kommission stellt eine Plattform zur Online-Streitbeilegung (OS) bereit:&nbsp;https:\/\/ec.europa.eu\/consumers\/odr.Wir sind nicht bereit oder verpflichtet, an Streitbeilegungsverfahren vor einer Verbraucherschlichtungsstelle teilzunehmen. Haftung f\u00fcr Inhalte Als Diensteanbieter sind wir gem\u00e4\u00df \u00a7 7 Abs.1 TMG f\u00fcr eigene Inhalte auf diesen Seiten nach den allgemeinen Gesetzen verantwortlich. Nach \u00a7\u00a7 8 bis 10 TMG sind wir als Diensteanbieter jedoch nicht verpflichtet, \u00fcbermittelte oder gespeicherte fremde Informationen zu \u00fcberwachen oder nach Umst\u00e4nden zu forschen, die auf eine rechtswidrige T\u00e4tigkeit hinweisen. Verpflichtungen zur Entfernung oder Sperrung der Nutzung von Informationen nach den allgemeinen Gesetzen bleiben hiervon unber\u00fchrt. Eine diesbez\u00fcgliche Haftung ist jedoch erst ab dem Zeitpunkt der Kenntnis einer konkreten Rechtsverletzung m\u00f6glich. Bei Bekanntwerden von entsprechenden Rechtsverletzungen werden wir diese Inhalte umgehend entfernen. Haftung f\u00fcr Links Unser Angebot enth\u00e4lt Links zu externen Websites Dritter, auf deren Inhalte wir keinen Einfluss haben. Deshalb k\u00f6nnen wir f\u00fcr diese fremden Inhalte auch keine Gew\u00e4hr \u00fcbernehmen. F\u00fcr die Inhalte der verlinkten Seiten ist stets der jeweilige Anbieter oder Betreiber der Seiten verantwortlich. Die verlinkten Seiten wurden zum Zeitpunkt der Verlinkung auf m\u00f6gliche Rechtsverst\u00f6\u00dfe \u00fcberpr\u00fcft. Rechtswidrige Inhalte waren zum Zeitpunkt der Verlinkung nicht erkennbar. Eine permanente inhaltliche Kontrolle der verlinkten Seiten ist jedoch ohne konkrete Anhaltspunkte einer Rechtsverletzung nicht zumutbar. Bei Bekanntwerden von Rechtsverletzungen werden wir derartige Links umgehend entfernen. Urheberrecht Die durch die Seitenbetreiber erstellten Inhalte und Werke auf diesen Seiten unterliegen dem deutschen Urheberrecht. Die Vervielf\u00e4ltigung, Bearbeitung, Verbreitung und jede Art der Verwertung au\u00dferhalb der Grenzen des Urheberrechtes bed\u00fcrfen der schriftlichen Zustimmung des jeweiligen Autors bzw. Erstellers. Downloads und Kopien dieser Seite sind nur f\u00fcr den privaten, nicht kommerziellen Gebrauch gestattet. Soweit die Inhalte auf dieser Seite nicht vom Betreiber erstellt wurden, werden die Urheberrechte Dritter beachtet. Insbesondere werden Inhalte Dritter als solche gekennzeichnet. Sollten Sie trotzdem auf eine Urheberrechtsverletzung aufmerksam werden, bitten wir um einen entsprechenden Hinweis. Bei Bekanntwerden von Rechtsverletzungen werden wir derartige Inhalte umgehend entfernen.<\/p>","protected":false},"author":1,"featured_media":0,"parent":0,"menu_order":0,"comment_status":"closed","ping_status":"closed","template":"","meta":{"footnotes":""},"class_list":["post-690","page","type-page","status-publish","hentry"],"_links":{"self":[{"href":"https:\/\/lelingo.de\/ro\/wp-json\/wp\/v2\/pages\/690","targetHints":{"allow":["GET"]}}],"collection":[{"href":"https:\/\/lelingo.de\/ro\/wp-json\/wp\/v2\/pages"}],"about":[{"href":"https:\/\/lelingo.de\/ro\/wp-json\/wp\/v2\/types\/page"}],"author":[{"embeddable":true,"href":"https:\/\/lelingo.de\/ro\/wp-json\/wp\/v2\/users\/1"}],"replies":[{"embeddable":true,"href":"https:\/\/lelingo.de\/ro\/wp-json\/wp\/v2\/comments?post=690"}],"version-history":[{"count":1,"href":"https:\/\/lelingo.de\/ro\/wp-json\/wp\/v2\/pages\/690\/revisions"}],"predecessor-version":[{"id":691,"href":"https:\/\/lelingo.de\/ro\/wp-json\/wp\/v2\/pages\/690\/revisions\/691"}],"wp:attachment":[{"href":"https:\/\/lelingo.de\/ro\/wp-json\/wp\/v2\/media?parent=690"}],"curies":[{"name":"wp","href":"https:\/\/api.w.org\/{rel}","templated":true}]}}