{"id":697,"date":"2024-05-09T17:20:16","date_gmt":"2024-05-09T15:20:16","guid":{"rendered":"https:\/\/lelingo.de\/?page_id=697"},"modified":"2024-05-09T17:49:55","modified_gmt":"2024-05-09T15:49:55","slug":"angebot","status":"publish","type":"page","link":"https:\/\/lelingo.de\/ro\/angebot\/","title":{"rendered":"Angebot"},"content":{"rendered":"<div data-elementor-type=\"wp-page\" data-elementor-id=\"697\" class=\"elementor elementor-697\">\n\t\t\t\t<div class=\"elementor-element elementor-element-9a7586b e-flex e-con-boxed wpr-particle-no wpr-jarallax-no wpr-parallax-no wpr-sticky-section-no e-con e-parent\" data-id=\"9a7586b\" data-element_type=\"container\">\n\t\t\t\t\t<div class=\"e-con-inner\">\n\t\t\t\t<div class=\"elementor-element elementor-element-103bdd6 elementor-widget elementor-widget-text-editor\" data-id=\"103bdd6\" data-element_type=\"widget\" data-widget_type=\"text-editor.default\">\n\t\t\t\t<div class=\"elementor-widget-container\">\n\t\t\t\t\t\t\t<p data-sourcepos=\"3:1-3:100\"><strong>Pute\u021bi solicita aici o ofert\u0103 gratuit\u0103 \u0219i f\u0103r\u0103 obliga\u021bii prin formularul nostru.<\/strong><\/p>\n<p data-sourcepos=\"5:1-5:222\" class=\" translation-block\"><strong>V\u0103 rug\u0103m s\u0103 re\u021bine\u021bi c\u0103 prin formular putem primi doar text. Dac\u0103 ave\u021bi nevoie de o traducere a fi\u0219ierelor salvate, v\u0103 rug\u0103m s\u0103 le trimite\u021bi prin e-mail la\n <a href=\"mailto:Hi@Lelingo.de\" target=\"_self\">Hi@Lelingo.de<\/a> <\/strong><\/p>\n<p data-sourcepos=\"7:1-7:55\"><strong>V\u0103 vom trimite imediat o ofert\u0103 corespunz\u0103toare.<\/strong><\/p>\t\t\t\t\t\t<\/div>\n\t\t\t\t<\/div>\n\t\t\t\t\t<\/div>\n\t\t\t\t<\/div>\n\t\t<div class=\"elementor-element elementor-element-6ca0e82 e-con-full e-flex wpr-particle-no wpr-jarallax-no wpr-parallax-no wpr-sticky-section-no e-con e-parent\" data-id=\"6ca0e82\" data-element_type=\"container\">\n\t\t\t\t<div class=\"elementor-element elementor-element-b8427bd elementor-widget__width-inherit elementor-widget elementor-widget-wpforms\" data-id=\"b8427bd\" data-element_type=\"widget\" data-widget_type=\"wpforms.default\">\n\t\t\t\t<div class=\"elementor-widget-container\">\n\t\t\t<style id=\"wpforms-css-vars-root\">\n\t\t\t\t:root {\n\t\t\t\t\t--wpforms-field-border-radius: 3px;\n--wpforms-field-border-style: solid;\n--wpforms-field-border-size: 1px;\n--wpforms-field-background-color: #ffffff;\n--wpforms-field-border-color: rgba( 0, 0, 0, 0.25 );\n--wpforms-field-border-color-spare: rgba( 0, 0, 0, 0.25 );\n--wpforms-field-text-color: rgba( 0, 0, 0, 0.7 );\n--wpforms-field-menu-color: #ffffff;\n--wpforms-label-color: rgba( 0, 0, 0, 0.85 );\n--wpforms-label-sublabel-color: rgba( 0, 0, 0, 0.55 );\n--wpforms-label-error-color: #d63637;\n--wpforms-button-border-radius: 3px;\n--wpforms-button-border-style: none;\n--wpforms-button-border-size: 1px;\n--wpforms-button-background-color: #066aab;\n--wpforms-button-border-color: #066aab;\n--wpforms-button-text-color: #ffffff;\n--wpforms-page-break-color: #066aab;\n--wpforms-background-image: none;\n--wpforms-background-position: center center;\n--wpforms-background-repeat: no-repeat;\n--wpforms-background-size: cover;\n--wpforms-background-width: 100px;\n--wpforms-background-height: 100px;\n--wpforms-background-color: rgba( 0, 0, 0, 0 );\n--wpforms-background-url: none;\n--wpforms-container-padding: 0px;\n--wpforms-container-border-style: none;\n--wpforms-container-border-width: 1px;\n--wpforms-container-border-color: #000000;\n--wpforms-container-border-radius: 3px;\n--wpforms-field-size-input-height: 43px;\n--wpforms-field-size-input-spacing: 15px;\n--wpforms-field-size-font-size: 16px;\n--wpforms-field-size-line-height: 19px;\n--wpforms-field-size-padding-h: 14px;\n--wpforms-field-size-checkbox-size: 16px;\n--wpforms-field-size-sublabel-spacing: 5px;\n--wpforms-field-size-icon-size: 1;\n--wpforms-label-size-font-size: 16px;\n--wpforms-label-size-line-height: 19px;\n--wpforms-label-size-sublabel-font-size: 14px;\n--wpforms-label-size-sublabel-line-height: 17px;\n--wpforms-button-size-font-size: 17px;\n--wpforms-button-size-height: 41px;\n--wpforms-button-size-padding-h: 15px;\n--wpforms-button-size-margin-top: 10px;\n--wpforms-container-shadow-size-box-shadow: none;\n\n\t\t\t\t}\n\t\t\t<\/style><style id=\"wpforms-css-vars-elementor-widget-b8427bd\">\n\t\t\t\t.elementor-widget-wpforms.elementor-element-b8427bd {\n\t\t\t\t\t--wpforms-field-size-input-height: 43px;\n--wpforms-field-size-input-spacing: 15px;\n--wpforms-field-size-font-size: 16px;\n--wpforms-field-size-line-height: 19px;\n--wpforms-field-size-padding-h: 14px;\n--wpforms-field-size-checkbox-size: 16px;\n--wpforms-field-size-sublabel-spacing: 5px;\n--wpforms-field-size-icon-size: 1;\n--wpforms-label-size-font-size: 16px;\n--wpforms-label-size-line-height: 19px;\n--wpforms-label-size-sublabel-font-size: 14px;\n--wpforms-label-size-sublabel-line-height: 17px;\n--wpforms-button-size-font-size: 17px;\n--wpforms-button-size-height: 41px;\n--wpforms-button-size-padding-h: 15px;\n--wpforms-button-size-margin-top: 10px;\n\n\t\t\t\t}\n\t\t\t<\/style><div class=\"wpforms-container wpforms-container-full wpforms-render-modern\" id=\"wpforms-694\"><form id=\"wpforms-form-694\" class=\"wpforms-validate wpforms-form wpforms-ajax-form\" data-formid=\"694\" method=\"post\" enctype=\"multipart\/form-data\" action=\"\/wp-json\/wp\/v2\/pages\/697\" data-token=\"9f0d6e80cb9b440a4f3523f1a8601ca2\" data-token-time=\"1775886884\" data-trp-original-action=\"\/ro\/wp-json\/wp\/v2\/pages\/697\"><noscript class=\"wpforms-error-noscript\">Please enable JavaScript in your browser to complete this form.<\/noscript><div class=\"wpforms-hidden\" id=\"wpforms-error-noscript\">Please enable JavaScript in your browser to complete this form.<\/div><div class=\"wpforms-field-container\"><div id=\"wpforms-694-field_1-container\" class=\"wpforms-field wpforms-field-name\" data-field-id=\"1\"><fieldset><legend class=\"wpforms-field-label\">Nume <span class=\"wpforms-required-label\" aria-hidden=\"true\">*<\/span><\/legend><div class=\"wpforms-field-row wpforms-field-medium\"><div class=\"wpforms-field-row-block wpforms-first wpforms-one-half\"><input type=\"text\" id=\"wpforms-694-field_1\" class=\"wpforms-field-name-first wpforms-field-required\" name=\"wpforms[fields][1][first]\" aria-errormessage=\"wpforms-694-field_1-error\" required><label for=\"wpforms-694-field_1\" class=\"wpforms-field-sublabel after\">First<\/label><\/div><div class=\"wpforms-field-row-block wpforms-one-half\"><input type=\"text\" id=\"wpforms-694-field_1-last\" class=\"wpforms-field-name-last wpforms-field-required\" name=\"wpforms[fields][1][last]\" aria-errormessage=\"wpforms-694-field_1-last-error\" required><label for=\"wpforms-694-field_1-last\" class=\"wpforms-field-sublabel after\">Last<\/label><\/div><\/div><\/fieldset><\/div><div id=\"wpforms-694-field_54-container\" class=\"wpforms-field wpforms-field-name\" data-field-id=\"54\"><label class=\"wpforms-field-label\" for=\"wpforms-694-field_54\">Companie<\/label><input type=\"text\" id=\"wpforms-694-field_54\" class=\"wpforms-field-medium\" name=\"wpforms[fields][54]\" aria-errormessage=\"wpforms-694-field_54-error\" ><\/div><div id=\"wpforms-694-field_2-container\" class=\"wpforms-field wpforms-field-email\" data-field-id=\"2\"><label class=\"wpforms-field-label\" for=\"wpforms-694-field_2\">E-mail <span class=\"wpforms-required-label\" aria-hidden=\"true\">*<\/span><\/label><input type=\"email\" id=\"wpforms-694-field_2\" class=\"wpforms-field-medium wpforms-field-required\" name=\"wpforms[fields][2]\" spellcheck=\"false\" aria-errormessage=\"wpforms-694-field_2-error\" required><\/div><div id=\"wpforms-694-field_46-container\" class=\"wpforms-field wpforms-field-text\" data-field-id=\"46\"><label class=\"wpforms-field-label\" for=\"wpforms-694-field_46\">Num\u0103r de telefon <span class=\"wpforms-required-label\" aria-hidden=\"true\">*<\/span><\/label><input type=\"text\" id=\"wpforms-694-field_46\" class=\"wpforms-field-medium wpforms-field-required\" name=\"wpforms[fields][46]\" aria-errormessage=\"wpforms-694-field_46-error\" required><\/div><div id=\"wpforms-694-field_7-container\" class=\"wpforms-field wpforms-field-textarea\" data-field-id=\"7\"><label class=\"wpforms-field-label\" for=\"wpforms-694-field_7\">V\u0103 rug\u0103m s\u0103 introduce\u021bi aici textul pe care dori\u021bi s\u0103-l traduce\u021bi. <span class=\"wpforms-required-label\" aria-hidden=\"true\">*<\/span><\/label><textarea id=\"wpforms-694-field_7\" class=\"wpforms-field-large wpforms-field-required\" name=\"wpforms[fields][7]\" aria-errormessage=\"wpforms-694-field_7-error\" aria-describedby=\"wpforms-694-field_7-description\" required><\/textarea><div id=\"wpforms-694-field_7-description\" class=\"wpforms-field-description\">Dac\u0103 dori\u021bi s\u0103 traduce\u021bi fi\u0219iere, imagini sau videoclipuri, v\u0103 rug\u0103m s\u0103 le trimite\u021bi prin e-mail la Hi@Lelingo.de<\/div><\/div><div id=\"wpforms-694-field_55-container\" class=\"wpforms-field wpforms-field-checkbox\" data-field-id=\"55\"><fieldset><legend class=\"wpforms-field-label\">\u00cen ce limb\u0103 dori\u021bi s\u0103 primi\u021bi traducerea? <span class=\"wpforms-required-label\" aria-hidden=\"true\">*<\/span><\/legend><ul id=\"wpforms-694-field_55\" class=\"wpforms-field-required\"><li class=\"choice-1 depth-1\"><input type=\"checkbox\" id=\"wpforms-694-field_55_1\" name=\"wpforms[fields][55][]\" value=\"Deutsch\" aria-errormessage=\"wpforms-694-field_55_1-error\" aria-describedby=\"wpforms-694-field_55-description\" required><label class=\"wpforms-field-label-inline\" for=\"wpforms-694-field_55_1\">German\u0103<\/label><\/li><li class=\"choice-2 depth-1\"><input type=\"checkbox\" id=\"wpforms-694-field_55_2\" name=\"wpforms[fields][55][]\" value=\"Rum\u00e4nisch\" aria-errormessage=\"wpforms-694-field_55_2-error\" aria-describedby=\"wpforms-694-field_55-description\" required><label class=\"wpforms-field-label-inline\" for=\"wpforms-694-field_55_2\">Rom\u00e2n\u0103<\/label><\/li><li class=\"choice-3 depth-1\"><input type=\"checkbox\" id=\"wpforms-694-field_55_3\" name=\"wpforms[fields][55][]\" value=\"Italienisch\" aria-errormessage=\"wpforms-694-field_55_3-error\" aria-describedby=\"wpforms-694-field_55-description\" required><label class=\"wpforms-field-label-inline\" for=\"wpforms-694-field_55_3\">Italian\u0103<\/label><\/li><\/ul><div id=\"wpforms-694-field_55-description\" class=\"wpforms-field-description\">(Dac\u0103 dori\u021bi aceea\u0219i traducere \u00een mai multe limbi, ve\u021bi primi o reducere \u00een ofert\u0103.)<\/div><\/fieldset><\/div><div id=\"wpforms-694-field_57-container\" class=\"wpforms-field wpforms-field-text\" data-field-id=\"57\"><label class=\"wpforms-field-label\" for=\"wpforms-694-field_57\">Ave\u021bi alte observa\u021bii sau cerin\u021be speciale pe care ar trebui s\u0103 le lu\u0103m \u00een considerare?<\/label><input type=\"text\" id=\"wpforms-694-field_57\" class=\"wpforms-field-medium\" name=\"wpforms[fields][57]\" aria-errormessage=\"wpforms-694-field_57-error\" aria-describedby=\"wpforms-694-field_57-description\" ><div id=\"wpforms-694-field_57-description\" class=\"wpforms-field-description\">Dac\u0103 exist\u0103 ceva ce dori\u021bi s\u0103 ne comunica\u021bi sau s\u0103 lu\u0103m \u00een considerare, v\u0103 rug\u0103m s\u0103 introduce\u021bi aici. \u00cen caz contrar, pute\u021bi l\u0103sa acest c\u00e2mp liber.<\/div><\/div><div id=\"wpforms-694-field_26-container\" class=\"wpforms-field wpforms-field-checkbox\" data-field-id=\"26\"><fieldset><legend class=\"wpforms-field-label\">V\u0103 rug\u0103m s\u0103 confirma\u021bi urm\u0103toarele: <span class=\"wpforms-required-label\" aria-hidden=\"true\">*<\/span><\/legend><ul id=\"wpforms-694-field_26\" class=\"wpforms-field-required\"><li class=\"choice-2 depth-1\"><input type=\"checkbox\" id=\"wpforms-694-field_26_2\" name=\"wpforms[fields][26][]\" value=\"Ich best\u00e4tige, dass ich hiermit ein kostenloses Angebot anfordere und die M\u00f6glichkeit habe, dieses Angebot innerhalb von 7 Tagen anzunehmen oder abzulehnen. Falls das Angebot nicht angenommen oder abgelehnt wird, entstehen mir keinerlei Kosten.\" aria-errormessage=\"wpforms-694-field_26_2-error\" required><label class=\"wpforms-field-label-inline\" for=\"wpforms-694-field_26_2\">Confirm c\u0103 solicit aici o ofert\u0103 gratuit\u0103 \u0219i am posibilitatea de a accepta sau respinge aceast\u0103 ofert\u0103 \u00een termen de 7 zile. Dac\u0103 oferta nu este acceptat\u0103 sau respins\u0103, nu vor exista costuri pentru mine<\/label><\/li><li class=\"choice-1 depth-1\"><input type=\"checkbox\" id=\"wpforms-694-field_26_1\" name=\"wpforms[fields][26][]\" value=\"Ich best\u00e4tige, dass ich die Allgemeinen Gesch\u00e4ftsbedingungen gelesen und verstanden habe und ihnen zustimme.\" aria-errormessage=\"wpforms-694-field_26_1-error\" required><label class=\"wpforms-field-label-inline\" for=\"wpforms-694-field_26_1\">Confirm c\u0103 am citit \u0219i \u00een\u021beles Termenii \u0219i Condi\u021biile Generale \u0219i sunt de acord cu acestea.<\/label><\/li><\/ul><\/fieldset><\/div><\/div><!-- .wpforms-field-container --><div class=\"wpforms-submit-container\" ><input type=\"hidden\" name=\"wpforms[id]\" value=\"694\"><input type=\"hidden\" name=\"page_title\" value=\"\"><input type=\"hidden\" name=\"page_url\" value=\"https:\/\/lelingo.de\/ro\/wp-json\/wp\/v2\/pages\/697\"><button type=\"submit\" name=\"wpforms[submit]\" id=\"wpforms-submit-694\" class=\"wpforms-submit\" data-alt-text=\"Wird gesendet..\" data-submit-text=\"Jetzt Angebot kostenlos anfordern!\" aria-live=\"assertive\" value=\"wpforms-submit\">Solicit\u0103 acum o ofert\u0103 gratuit\u0103!<\/button><img decoding=\"async\" src=\"https:\/\/lelingo.de\/wp-content\/plugins\/wpforms-lite\/assets\/images\/submit-spin.svg\" class=\"wpforms-submit-spinner\" style=\"display: none;\" width=\"26\" height=\"26\" alt=\"Loading\"><\/div><input type=\"hidden\" name=\"trp-form-language\" value=\"ro\"\/><\/form><\/div>  <!-- .wpforms-container -->\t\t<\/div>\n\t\t\t\t<\/div>\n\t\t\t\t<\/div>\n\t\t\t\t<\/div>","protected":false},"excerpt":{"rendered":"<p>Sie k\u00f6nnen hier unverbindlich und kostenlos ein Angebot \u00fcber unser Formular anfordern. Bitte beachten Sie, dass wir \u00fcber das Formular nur Text empfangen k\u00f6nnen. Falls Sie eine \u00dcbersetzung von gespeicherten Dateien ben\u00f6tigen, bitten wir Sie, diese per E-Mail an Hi@Lelingo.de zu senden. Wir senden Ihnen umgehend ein passendes Angebot zu. Bitte aktiviere JavaScript in deinem Browser, um dieses Formular fertigzustellen.Bitte aktiviere JavaScript in deinem Browser, um dieses Formular fertigzustellen. Name * VornameNachname UnternehmenEmail *Telefonnummer *Bitte f\u00fcgen Sie hier den Text ein, den Sie \u00dcbersetzen lassen m\u00f6chten. *Sollten Sie Dateien, Bilder oder Videos \u00fcbersetzen lassen m\u00f6chten, senden Sie diese bitte per E-Mail an Hi@Lelingo.de Bitte best\u00e4tigen Sie folgendes: * Ich best\u00e4tige, dass ich hiermit ein kostenloses Angebot anfordere und die M\u00f6glichkeit habe, dieses Angebot innerhalb von 7 Tagen anzunehmen oder abzulehnen. Falls das Angebot nicht angenommen oder abgelehnt wird, entstehen mir keinerlei Kosten. Ich best\u00e4tige, dass ich die Allgemeinen Gesch\u00e4ftsbedingungen gelesen und verstanden habe und ihnen zustimme. Jetzt Angebot kostenlos anfordern!<\/p>","protected":false},"author":1,"featured_media":0,"parent":0,"menu_order":0,"comment_status":"closed","ping_status":"closed","template":"","meta":{"footnotes":""},"class_list":["post-697","page","type-page","status-publish","hentry"],"_links":{"self":[{"href":"https:\/\/lelingo.de\/ro\/wp-json\/wp\/v2\/pages\/697","targetHints":{"allow":["GET"]}}],"collection":[{"href":"https:\/\/lelingo.de\/ro\/wp-json\/wp\/v2\/pages"}],"about":[{"href":"https:\/\/lelingo.de\/ro\/wp-json\/wp\/v2\/types\/page"}],"author":[{"embeddable":true,"href":"https:\/\/lelingo.de\/ro\/wp-json\/wp\/v2\/users\/1"}],"replies":[{"embeddable":true,"href":"https:\/\/lelingo.de\/ro\/wp-json\/wp\/v2\/comments?post=697"}],"version-history":[{"count":13,"href":"https:\/\/lelingo.de\/ro\/wp-json\/wp\/v2\/pages\/697\/revisions"}],"predecessor-version":[{"id":718,"href":"https:\/\/lelingo.de\/ro\/wp-json\/wp\/v2\/pages\/697\/revisions\/718"}],"wp:attachment":[{"href":"https:\/\/lelingo.de\/ro\/wp-json\/wp\/v2\/media?parent=697"}],"curies":[{"name":"wp","href":"https:\/\/api.w.org\/{rel}","templated":true}]}}